{"id":1068,"date":"2019-01-18T15:28:20","date_gmt":"2019-01-18T15:28:20","guid":{"rendered":"http:\/\/localhost\/blog1\/?page_id=1068"},"modified":"2023-06-23T16:50:56","modified_gmt":"2023-06-23T16:50:56","slug":"marketing-digital","status":"publish","type":"page","link":"https:\/\/blog.real-trends.com\/br\/marketing-digital\/","title":{"rendered":"Marketing digital"},"content":{"rendered":"","protected":false},"excerpt":{"rendered":"<p>Conhe\u00e7a as melhores t\u00e9cnicas e estrat\u00e9gias para potencializar a presen\u00e7a do neg\u00f3cio na internet.<\/p>\n","protected":false},"author":1,"featured_media":2452,"parent":0,"menu_order":0,"comment_status":"closed","ping_status":"closed","template":"blog-masonry.php","meta":{"_monsterinsights_skip_tracking":false,"_monsterinsights_sitenote_active":false,"_monsterinsights_sitenote_note":"","_monsterinsights_sitenote_category":0,"footnotes":""},"class_list":["post-1068","page","type-page","status-publish","has-post-thumbnail","hentry"],"yoast_head":"<!-- This site is optimized with the Yoast SEO plugin v23.9 - https:\/\/yoast.com\/wordpress\/plugins\/seo\/ -->\n<title>Real Trends Blog | Marketing digital<\/title>\n<meta name=\"description\" content=\"Acompanhe todas as tend\u00eancias de marketing digital e otimize o seu e-commerce e melhore as suas vendas no Mercado Livre. Veja tudo no blog da Real Trends.\" \/>\n<meta name=\"robots\" content=\"index, follow, max-snippet:-1, max-image-preview:large, max-video-preview:-1\" \/>\n<link rel=\"canonical\" href=\"https:\/\/blog.real-trends.com\/br\/marketing-digital\/\" \/>\n<meta property=\"og:locale\" content=\"pt_BR\" \/>\n<meta property=\"og:type\" content=\"article\" \/>\n<meta property=\"og:title\" content=\"Real Trends Blog | Marketing digital\" \/>\n<meta property=\"og:description\" content=\"Acompanhe todas as tend\u00eancias de marketing digital e otimize o seu e-commerce e melhore as suas vendas no Mercado Livre. Veja tudo no blog da Real Trends.\" \/>\n<meta property=\"og:url\" content=\"https:\/\/blog.real-trends.com\/br\/marketing-digital\/\" \/>\n<meta property=\"og:site_name\" content=\"Real Trends Blog\" \/>\n<meta property=\"article:modified_time\" content=\"2023-06-23T16:50:56+00:00\" \/>\n<meta property=\"og:image\" content=\"https:\/\/blog.real-trends.com\/br\/wp-content\/uploads\/2020\/03\/02-marketing-digital.png\" \/>\n\t<meta property=\"og:image:width\" content=\"1920\" \/>\n\t<meta property=\"og:image:height\" content=\"1140\" \/>\n\t<meta property=\"og:image:type\" content=\"image\/png\" \/>\n<meta name=\"twitter:card\" content=\"summary_large_image\" \/>\n<script type=\"application\/ld+json\" class=\"yoast-schema-graph\">{\"@context\":\"https:\/\/schema.org\",\"@graph\":[{\"@type\":\"WebPage\",\"@id\":\"https:\/\/blog.real-trends.com\/br\/marketing-digital\/\",\"url\":\"https:\/\/blog.real-trends.com\/br\/marketing-digital\/\",\"name\":\"Real Trends Blog | Marketing digital\",\"isPartOf\":{\"@id\":\"https:\/\/blog.real-trends.com\/br\/#website\"},\"primaryImageOfPage\":{\"@id\":\"https:\/\/blog.real-trends.com\/br\/marketing-digital\/#primaryimage\"},\"image\":{\"@id\":\"https:\/\/blog.real-trends.com\/br\/marketing-digital\/#primaryimage\"},\"thumbnailUrl\":\"https:\/\/blog.real-trends.com\/br\/wp-content\/uploads\/2020\/03\/02-marketing-digital.png\",\"datePublished\":\"2019-01-18T15:28:20+00:00\",\"dateModified\":\"2023-06-23T16:50:56+00:00\",\"description\":\"Acompanhe todas as tend\u00eancias de marketing digital e otimize o seu e-commerce e melhore as suas vendas no Mercado Livre. Veja tudo no blog da Real Trends.\",\"breadcrumb\":{\"@id\":\"https:\/\/blog.real-trends.com\/br\/marketing-digital\/#breadcrumb\"},\"inLanguage\":\"pt-BR\",\"potentialAction\":[{\"@type\":\"ReadAction\",\"target\":[\"https:\/\/blog.real-trends.com\/br\/marketing-digital\/\"]}]},{\"@type\":\"ImageObject\",\"inLanguage\":\"pt-BR\",\"@id\":\"https:\/\/blog.real-trends.com\/br\/marketing-digital\/#primaryimage\",\"url\":\"https:\/\/blog.real-trends.com\/br\/wp-content\/uploads\/2020\/03\/02-marketing-digital.png\",\"contentUrl\":\"https:\/\/blog.real-trends.com\/br\/wp-content\/uploads\/2020\/03\/02-marketing-digital.png\",\"width\":1920,\"height\":1140,\"caption\":\"Marketing digital\"},{\"@type\":\"BreadcrumbList\",\"@id\":\"https:\/\/blog.real-trends.com\/br\/marketing-digital\/#breadcrumb\",\"itemListElement\":[{\"@type\":\"ListItem\",\"position\":1,\"name\":\"In\u00edcio\",\"item\":\"https:\/\/blog.real-trends.com\/br\/\"},{\"@type\":\"ListItem\",\"position\":2,\"name\":\"Marketing digital\"}]},{\"@type\":\"WebSite\",\"@id\":\"https:\/\/blog.real-trends.com\/br\/#website\",\"url\":\"https:\/\/blog.real-trends.com\/br\/\",\"name\":\"Real Trends Blog\",\"description\":\"Tudo o que voc\u00ea precisa saber em um s\u00f3 lugar\",\"potentialAction\":[{\"@type\":\"SearchAction\",\"target\":{\"@type\":\"EntryPoint\",\"urlTemplate\":\"https:\/\/blog.real-trends.com\/br\/?s={search_term_string}\"},\"query-input\":{\"@type\":\"PropertyValueSpecification\",\"valueRequired\":true,\"valueName\":\"search_term_string\"}}],\"inLanguage\":\"pt-BR\"}]}<\/script>\n<!-- \/ Yoast SEO plugin. -->","yoast_head_json":{"title":"Real Trends Blog | Marketing digital","description":"Acompanhe todas as tend\u00eancias de marketing digital e otimize o seu e-commerce e melhore as suas vendas no Mercado Livre. Veja tudo no blog da Real Trends.","robots":{"index":"index","follow":"follow","max-snippet":"max-snippet:-1","max-image-preview":"max-image-preview:large","max-video-preview":"max-video-preview:-1"},"canonical":"https:\/\/blog.real-trends.com\/br\/marketing-digital\/","og_locale":"pt_BR","og_type":"article","og_title":"Real Trends Blog | Marketing digital","og_description":"Acompanhe todas as tend\u00eancias de marketing digital e otimize o seu e-commerce e melhore as suas vendas no Mercado Livre. Veja tudo no blog da Real Trends.","og_url":"https:\/\/blog.real-trends.com\/br\/marketing-digital\/","og_site_name":"Real Trends Blog","article_modified_time":"2023-06-23T16:50:56+00:00","og_image":[{"width":1920,"height":1140,"url":"https:\/\/blog.real-trends.com\/br\/wp-content\/uploads\/2020\/03\/02-marketing-digital.png","type":"image\/png"}],"twitter_card":"summary_large_image","schema":{"@context":"https:\/\/schema.org","@graph":[{"@type":"WebPage","@id":"https:\/\/blog.real-trends.com\/br\/marketing-digital\/","url":"https:\/\/blog.real-trends.com\/br\/marketing-digital\/","name":"Real Trends Blog | Marketing digital","isPartOf":{"@id":"https:\/\/blog.real-trends.com\/br\/#website"},"primaryImageOfPage":{"@id":"https:\/\/blog.real-trends.com\/br\/marketing-digital\/#primaryimage"},"image":{"@id":"https:\/\/blog.real-trends.com\/br\/marketing-digital\/#primaryimage"},"thumbnailUrl":"https:\/\/blog.real-trends.com\/br\/wp-content\/uploads\/2020\/03\/02-marketing-digital.png","datePublished":"2019-01-18T15:28:20+00:00","dateModified":"2023-06-23T16:50:56+00:00","description":"Acompanhe todas as tend\u00eancias de marketing digital e otimize o seu e-commerce e melhore as suas vendas no Mercado Livre. Veja tudo no blog da Real Trends.","breadcrumb":{"@id":"https:\/\/blog.real-trends.com\/br\/marketing-digital\/#breadcrumb"},"inLanguage":"pt-BR","potentialAction":[{"@type":"ReadAction","target":["https:\/\/blog.real-trends.com\/br\/marketing-digital\/"]}]},{"@type":"ImageObject","inLanguage":"pt-BR","@id":"https:\/\/blog.real-trends.com\/br\/marketing-digital\/#primaryimage","url":"https:\/\/blog.real-trends.com\/br\/wp-content\/uploads\/2020\/03\/02-marketing-digital.png","contentUrl":"https:\/\/blog.real-trends.com\/br\/wp-content\/uploads\/2020\/03\/02-marketing-digital.png","width":1920,"height":1140,"caption":"Marketing digital"},{"@type":"BreadcrumbList","@id":"https:\/\/blog.real-trends.com\/br\/marketing-digital\/#breadcrumb","itemListElement":[{"@type":"ListItem","position":1,"name":"In\u00edcio","item":"https:\/\/blog.real-trends.com\/br\/"},{"@type":"ListItem","position":2,"name":"Marketing digital"}]},{"@type":"WebSite","@id":"https:\/\/blog.real-trends.com\/br\/#website","url":"https:\/\/blog.real-trends.com\/br\/","name":"Real Trends Blog","description":"Tudo o que voc\u00ea precisa saber em um s\u00f3 lugar","potentialAction":[{"@type":"SearchAction","target":{"@type":"EntryPoint","urlTemplate":"https:\/\/blog.real-trends.com\/br\/?s={search_term_string}"},"query-input":{"@type":"PropertyValueSpecification","valueRequired":true,"valueName":"search_term_string"}}],"inLanguage":"pt-BR"}]}},"_links":{"self":[{"href":"https:\/\/blog.real-trends.com\/br\/wp-json\/wp\/v2\/pages\/1068","targetHints":{"allow":["GET"]}}],"collection":[{"href":"https:\/\/blog.real-trends.com\/br\/wp-json\/wp\/v2\/pages"}],"about":[{"href":"https:\/\/blog.real-trends.com\/br\/wp-json\/wp\/v2\/types\/page"}],"author":[{"embeddable":true,"href":"https:\/\/blog.real-trends.com\/br\/wp-json\/wp\/v2\/users\/1"}],"replies":[{"embeddable":true,"href":"https:\/\/blog.real-trends.com\/br\/wp-json\/wp\/v2\/comments?post=1068"}],"version-history":[{"count":4,"href":"https:\/\/blog.real-trends.com\/br\/wp-json\/wp\/v2\/pages\/1068\/revisions"}],"predecessor-version":[{"id":2578,"href":"https:\/\/blog.real-trends.com\/br\/wp-json\/wp\/v2\/pages\/1068\/revisions\/2578"}],"wp:featuredmedia":[{"embeddable":true,"href":"https:\/\/blog.real-trends.com\/br\/wp-json\/wp\/v2\/media\/2452"}],"wp:attachment":[{"href":"https:\/\/blog.real-trends.com\/br\/wp-json\/wp\/v2\/media?parent=1068"}],"curies":[{"name":"wp","href":"https:\/\/api.w.org\/{rel}","templated":true}]}}